{"id":31,"date":"2020-02-18T11:48:34","date_gmt":"2020-02-18T11:48:34","guid":{"rendered":"https:\/\/demo01.houzez.co\/?page_id=31"},"modified":"2025-03-07T17:13:07","modified_gmt":"2025-03-07T17:13:07","slug":"grid-full-width","status":"publish","type":"page","link":"https:\/\/abcimobiliario.pt\/index.php\/grid-full-width\/","title":{"rendered":"Im\u00f3veis"},"content":{"rendered":"\t\t<div data-elementor-type=\"wp-page\" data-elementor-id=\"31\" class=\"elementor elementor-31\" data-elementor-post-type=\"page\">\n\t\t\t\t<div class=\"elementor-element elementor-element-814f51a e-flex e-con-boxed e-con e-parent\" data-id=\"814f51a\" data-element_type=\"container\">\n\t\t\t\t\t<div class=\"e-con-inner\">\n\t\t\t\t<div class=\"elementor-element elementor-element-9b8218c elementor-widget elementor-widget-houzez_elementor_property-card-v8\" data-id=\"9b8218c\" data-element_type=\"widget\" data-widget_type=\"houzez_elementor_property-card-v8.default\">\n\t\t\t\t<div class=\"elementor-widget-container\">\n\t\t\t\t\t\r\n\t\t<div id=\"properties_module_section\" class=\"property-cards-module property-cards-module-v8\">\r\n\t\t\t<div id=\"module_properties\" class=\"listing-view list-view listing-view-v4\">\r\n\t\t\t\t<div class=\"item-listing-wrap card item-wrap-v10\" data-hz-id=\"hz-18358\">\n\t<div class=\"item-wrap item-wrap-no-frame h-100\">\n\t\t<div class=\"item-header-wrap\">\n\t\t\t<div class=\"item-header-wrap-left\">\n\t\t\t\t<div class=\"item-header item-header-1\">\n\t\t\t\t\t<span class=\"label-featured label\">Destaque<\/span>\t\t\t\t\t<div class=\"labels-wrap labels-right\"> \n\n\t<a href=\"https:\/\/abcimobiliario.pt\/index.php\/status\/vendido\/\" class=\"label-status label status-color-129\">\n\t\t\t\t\tVendido\n\t\t\t\t<\/a><a href=\"https:\/\/abcimobiliario.pt\/index.php\/label\/novidade\/\" class=\"hz-label label label-color-49\">\n\t\t\t\t\tNovidade\n\t\t\t\t<\/a>       \n\n<\/div>\n\t\t\t\t\t<ul class=\"item-tools item-tools-v2\">\n\n        <li class=\"item-tool item-preview\">\n        <span class=\"hz-show-lightbox-js\" data-listid=\"18358\" data-toggle=\"tooltip\" data-placement=\"top\" title=\"Visualiza\u00e7\u00e3o\">\n                <i class=\"houzez-icon icon-expand-3\"><\/i>   \n        <\/span><!-- item-tool-favorite -->\n    <\/li><!-- item-tool -->\n        \n        <li class=\"item-tool item-favorite\">\n        <span class=\"add-favorite-js item-tool-favorite\" data-toggle=\"tooltip\" data-placement=\"top\" title=\"Favorito\" data-listid=\"18358\">\n            <i class=\"houzez-icon icon-love-it \"><\/i> \n        <\/span><!-- item-tool-favorite -->\n    <\/li><!-- item-tool -->\n    \n        <li class=\"item-tool item-compare\">\n        <span class=\"houzez_compare compare-18358 item-tool-compare show-compare-panel\" data-toggle=\"tooltip\" data-placement=\"top\" title=\"Comparar\" data-listing_id=\"18358\" data-listing_image=\"https:\/\/abcimobiliario.pt\/wp-content\/uploads\/2025\/03\/Casa-Areosa-19-592x444.jpg\">\n            <i class=\"houzez-icon icon-add-circle\"><\/i>\n        <\/span><!-- item-tool-compare -->\n    <\/li><!-- item-tool -->\n    <\/ul><!-- item-tools -->\n\t\t\t\t\t<a href=\"https:\/\/abcimobiliario.pt\/index.php\/property\/sun-and-sea-house\/\" class=\"item-v10-image\">\n\t\t\t\t\t\t<img fetchpriority=\"high\" decoding=\"async\" width=\"592\" height=\"444\" src=\"https:\/\/abcimobiliario.pt\/wp-content\/uploads\/2025\/03\/Casa-Areosa-19-592x444.jpg\" class=\"img-fluid wp-post-image\" alt=\"\" srcset=\"https:\/\/abcimobiliario.pt\/wp-content\/uploads\/2025\/03\/Casa-Areosa-19-592x444.jpg 592w, https:\/\/abcimobiliario.pt\/wp-content\/uploads\/2025\/03\/Casa-Areosa-19-584x438.jpg 584w, https:\/\/abcimobiliario.pt\/wp-content\/uploads\/2025\/03\/Casa-Areosa-19-120x90.jpg 120w\" sizes=\"(max-width: 592px) 100vw, 592px\" \/>\t\t\t\t\t<\/a><!-- hover-effect -->\n\t\t\t\t\t<div class=\"preview_loader\"><\/div>\n\t\t\t\t<\/div><!-- item-header-1 -->\n\t\t\t<\/div><!-- item-header-wrap-left -->\n\t\t\t<div class=\"item-header-wrap-right\">\n\t\t\t\t<div class=\"item-header-2 item-header-with-button\">\n\t\t\t\t\t<a target=_self href=\"https:\/\/abcimobiliario.pt\/index.php\/property\/sun-and-sea-house\/\" class=\"item-v10-image\">\n\t\t\t\t\t\t\n\t\t\t\t\t\t\t\t\t\t\t\t<span class=\"btn btn-360\"><i class=\"houzez-icon icon-view\"><\/i> 360\u00b0 Tour<\/span>\n\t\t\t\t\t\t\t\t\t\t\t\t\t\t\t\t\t        <img decoding=\"async\" class=\"img-fluid\" src=\"https:\/\/abcimobiliario.pt\/wp-content\/uploads\/2025\/03\/Casa-Areosa-19-592x444.jpg\" alt=\"\">\n\t\t\t\t\t        \t\t\t\t\t<\/a><!-- hover-effect -->\n\t\t\t\t<\/div><!-- item-header-2 -->\n\t\t\t\t<div class=\"item-header-2 item-header-with-button\">\n\t\t\t\t\t<a target=_self href=\"https:\/\/abcimobiliario.pt\/index.php\/property\/sun-and-sea-house\/\" class=\"item-v10-image\">\n\t\t\t\t\t\t\t\t\t\t\t\t\n\t\t\t\t\t\t\t\t\t\t\t        <img decoding=\"async\" class=\"img-fluid\" src=\"https:\/\/abcimobiliario.pt\/wp-content\/uploads\/2025\/03\/Casa-Areosa-17-592x444.jpg\" alt=\"\">\n\t\t\t\t\t        \t\t\t\t\t<\/a><!-- hover-effect -->\n\t\t\t\t<\/div><!-- item-header-2 -->\t\n\t\t\t<\/div><!-- item-header-wrap-right -->\n\t\t<\/div><!-- item-header-wrap -->\n\t\t<div class=\"item-body-wrap\">\n\t\t\t<div class=\"item-body\">\n\t\t\t\t<div class=\"labels-wrap labels-right\"> \n\n\t<a href=\"https:\/\/abcimobiliario.pt\/index.php\/status\/vendido\/\" class=\"label-status label status-color-129\">\n\t\t\t\t\tVendido\n\t\t\t\t<\/a><a href=\"https:\/\/abcimobiliario.pt\/index.php\/label\/novidade\/\" class=\"hz-label label label-color-49\">\n\t\t\t\t\tNovidade\n\t\t\t\t<\/a>       \n\n<\/div>\n\t\t\t\t<h2 class=\"item-title\">\n\t<a target=_self href=\"https:\/\/abcimobiliario.pt\/index.php\/property\/sun-and-sea-house\/\">Sun and Sea House<\/a>\n<\/h2><!-- item-title -->\t\t\t\t<address class=\"item-address\">Viana do Castelo<\/address>\t\t\t\t<ul class=\"item-price-wrap\">\n\t\t\t\t\t<li class=\"item-price\">340.000\u20ac<\/li>\t\t\t\t<\/ul>\n\t\t\t\t\n\t\t\t\t<ul class=\"item-amenities item-amenities-with-icons\">\n\t<li class=\"h-beds\"><i class=\"houzez-icon icon-hotel-double-bed-1 mr-1\"><\/i><span class=\"item-amenities-text\">Camas:<\/span> <span class=\"hz-figure\">4<\/span><\/li><li class=\"h-baths\"><i class=\"houzez-icon icon-bathroom-shower-1 mr-1\"><\/i><span class=\"item-amenities-text\">Banhos:<\/span> <span class=\"hz-figure\">4<\/span><\/li><li class=\"h-cars\"><i class=\"houzez-icon icon-car-1 mr-1\"><\/i><span class=\"item-amenities-text\">Garagens:<\/span> <span class=\"hz-figure\">2<\/span><\/li><li class=\"h-area\"><i class=\"houzez-icon icon-ruler-triangle mr-1\"><\/i><span class=\"hz-figure\">220,75<\/span> <span class=\"hz-figure area_postfix\">\u00c1rea \u00fatil<\/span><\/li><li class=\"h-type\"><span>Moradia<\/span><\/li><\/ul>\t\t\t<\/div><!-- item-body -->\n\n\t\t\t\t\t\t<div class=\"item-footer-author-tool-wrap\">\n\t\t\t\t<div class=\"item-author-wrap\">\n\t\t\t\t\t\t\t\t\t\t<div class=\"item-author\">\n\t\t\t\t\t\t<img decoding=\"async\" class=\"img-fluid\" src=\"https:\/\/abcimobiliario.pt\/wp-content\/uploads\/2016\/02\/A1_9291-150x150.jpg\" alt=\"\">\n\t\t\t\t\t\tMelissa Barbosa\t\t\t\t\t<\/div><!-- item-author -->\n\t\t\t\t\t\t\n\t\t\t\t<\/div><!-- item-author-wrap -->\n\t\t\t\t<div class=\"item-buttons-wrap\">\t\n\t\t\t\t\t\t\t\t \t<button type=\"button\" class=\"btn hz-call-popup-js btn-primary-outlined\" data-model-id=\"call-action-18358\">\n\t\t\t\t\t<i class=\"houzez-icon icon-phone-actions-ring\"><\/i> Ligar\t\t\t\t<\/button>\n\t\t\t \t\t\t\t\t<button type=\"button\" class=\"btn hz-email-popup-js btn-primary-outlined\" data-model-id=\"email-popup-18358\">\n\t\t\t\t\t<i class=\"houzez-icon icon-envelope\"><\/i> O email\t\t\t\t<\/button>\n\t\t\t\t\t\t\t\t<a class=\"btn btn-primary-outlined\" target=\"_blank\" href=\"https:\/\/api.whatsapp.com\/send?phone=https:\/\/wa.me\/351926150134&text=Ol\u00e1, estou interessado em [Sun and Sea House] https:\/\/abcimobiliario.pt\/index.php\/property\/sun-and-sea-house\/ \">\n\t\t\t\t\t<i class=\"houzez-icon icon-messaging-whatsapp\"><\/i> <span>WhatsApp<\/span>\n\t\t\t\t<\/a><!-- btn-item -->\n\t\t\t\t\t\t\n\t\t\t\t<\/div><!-- item-buttons-wrap --> \n\t\t\t<\/div><!-- item-footer-button-wrap -->\n\t\t\t\t\t<\/div><!-- item-body -->\n\t<\/div><!-- item-wrap -->\n\t<div class=\"modal fade modal-phone-number\" id=\"call-action-18358\" tabindex=\"-1\" role=\"dialog\">\n    <div class=\"modal-dialog\" role=\"document\">\n        <div class=\"modal-content\">\n            <div class=\"modal-header\">\n                <h5 class=\"modal-title\">Contate-Nos<\/h5>\n                <button type=\"button\" class=\"close\" data-dismiss=\"modal\" aria-label=\"Fechar\">\n                    <span aria-hidden=\"true\">&times;<\/span>\n                <\/button>\n            <\/div><!-- modal-header -->\n            <div class=\"modal-body\">\n                <p class=\"modal-body-phone-number-text\">\n                    Favor citar a refer\u00eancia da propriedade<br>\n\n                    <strong>abcimobiliario - MB20<\/strong>\n                <\/p>\n                <p class=\"modal-body-phone-number-number\">\n                     <a class=\"btn btn-primary-outlined\" href=\"tel:926150134\"><i class=\"houzez-icon icon-phone-actions-ring\"><\/i> 926150134<\/a>\n                <\/p>\n            <\/div><!-- modal-body -->\n        <\/div><!-- modal-content -->\n    <\/div><!-- modal-dialog -->\n<\/div><!-- login-register-form -->\n\t<div class=\"modal fade mobile-property-form\" id=\"email-popup-18358\">\n    <div class=\"modal-dialog\" role=\"document\">\n        <div class=\"modal-content\">\n            <button type=\"button\" class=\"close\" data-dismiss=\"modal\" aria-label=\"Close\">\n                <span aria-hidden=\"true\">&times;<\/span>\n            <\/button>\n            <div class=\"modal-body\">\n                <div class=\"property-form-wrap\">\n\n                                    <div class=\"property-form clearfix\">\n                        <form method=\"post\" action=\"#\">\n                            \n                            <div class=\"agent-details\"><div class=\"d-flex align-items-center\"><div class=\"agent-image\"><img decoding=\"async\" class=\"rounded\" src=\"https:\/\/abcimobiliario.pt\/wp-content\/uploads\/2016\/02\/A1_9291-150x150.jpg\" alt=\"Melissa Barbosa\" width=\"70\" height=\"70\"><\/div><ul class=\"agent-information list-unstyled\"><li class=\"agent-name\"><i class=\"houzez-icon icon-single-neutral mr-1\"><\/i> Melissa Barbosa<\/li><li class=\"agent-link\"><a href=\"https:\/\/abcimobiliario.pt\/index.php\/agent\/brittany-watkins\/\">Ver listagens<\/a><\/li><\/ul><\/div><\/div>\n                                                        <div class=\"form-group\">\n                                <input class=\"form-control\" name=\"name\" value=\"\" type=\"text\" placeholder=\"Nome \">\n                            <\/div><!-- form-group -->\n                            \n                                \n                            <div class=\"form-group\">\n                                <input class=\"form-control\" name=\"mobile\" value=\"\" type=\"text\" placeholder=\"Telefone\">\n                            <\/div><!-- form-group -->\n                            \n                            <div class=\"form-group\">\n                                <input class=\"form-control\" name=\"email\" value=\"\" type=\"email\" placeholder=\"Email\">\n                            <\/div><!-- form-group -->\n\n                              \n                            <div class=\"form-group form-group-textarea\">\n                                <textarea class=\"form-control hz-form-message\" name=\"message\" rows=\"4\" placeholder=\"Mensagem\">Ol\u00e1, estou interessado em [Sun and Sea House]<\/textarea>\n                            <\/div><!-- form-group -->   \n                            \n                             \n                            <div class=\"form-group\">\n                                <select name=\"user_type\" class=\"selectpicker form-control bs-select-hidden\" title=\"Selecionar\">\n\n                                                                        <option value=\"buyer\">Eu sou um comprador<\/option>\n                                    \n                                                                        <option value=\"tennant\">Eu sou um inquilino<\/option>\n                                    \n                                                                        <option value=\"agent\">Eu sou um agente<\/option>\n                                    \n                                                                        <option value=\"other\">Outro<\/option>\n                                                                    <\/select><!-- selectpicker -->\n                            <\/div><!-- form-group -->\n                            \n                                                        <div class=\"form-group\">\n                                <label class=\"control control--checkbox m-0 hz-terms-of-use\">\n                                    <input type=\"checkbox\" name=\"privacy_policy\">Ao enviar este formul\u00e1rio eu concordo em <a target=\"_blank\" href=\"https:\/\/abcimobiliario.pt\/index.php\/property\/sun-and-sea-house\/\">Termos de uso<\/a>\n                                    <span class=\"control__indicator\"><\/span>\n                                <\/label>\n                            <\/div><!-- form-group -->   \n                                  \n                        \n                                                            <input type=\"hidden\" name=\"target_email\" value=\"&#109;&#98;&#112;&#114;&#111;&#112;&#114;i&#101;d&#97;d&#101;&#115;&#64;ho&#116;m&#97;&#105;l&#46;&#99;&#111;&#109;\">\n                                                        <input type=\"hidden\" name=\"property_agent_contact_security\" value=\"97e32d075b\"\/>\n                            <input type=\"hidden\" name=\"property_permalink\" value=\"https:\/\/abcimobiliario.pt\/index.php\/property\/sun-and-sea-house\/\"\/>\n                            <input type=\"hidden\" name=\"property_title\" value=\"Sun and Sea House\"\/>\n                            <input type=\"hidden\" name=\"property_id\" value=\"20\"\/>\n                            <input type=\"hidden\" name=\"action\" value=\"houzez_property_agent_contact\">\n                            <input type=\"hidden\" name=\"listing_id\" value=\"18358\">\n                            <input type=\"hidden\" name=\"is_listing_form\" value=\"yes\">\n                            <input type=\"hidden\" name=\"agent_id\" value=\"156\">\n                            <input type=\"hidden\" name=\"agent_type\" value=\"agent_info\">\n\n                                                        <div class=\"form_messages\"><\/div>\n                            <button type=\"button\" class=\"houzez_agent_property_form btn btn-secondary btn-full-width\">\n                                <span class=\"btn-loader houzez-loader-js\"><\/span>                                Enviar mensagem                                \n                            <\/button>\n                            \n                        <\/form>\n                    <\/div><!-- property-form -->\n                    \n                            <\/div><!-- property-form-wrap -->\n\n    \n            <\/div>\n        <\/div>\n    <\/div>\n<\/div>\n<\/div><!-- item-listing-wrap -->\r\n\t\t\t<\/div><!-- listing-view -->\r\n\r\n\t\t\t\r\n\t\t\t\t<div id=\"fave-pagination-loadmore\" class=\"load-more-wrap fave-load-more\">\r\n                    <a class=\"btn btn-primary-outlined btn-load-more\"  \r\n                    data-paged=\"2\" \r\n                    data-prop-limit=\"9\" \r\n                    data-card=\"item-list-v4\" \r\n                    data-type=\"\" \r\n                    data-status=\"\" \r\n                    data-state=\"\" \r\n                    data-city=\"\" \r\n                    data-country=\"\" \r\n                    data-area=\"\" \r\n                    data-label=\"\" \r\n                    data-user-role=\"\" \r\n                    data-featured-prop=\"\" \r\n                    data-offset=\"\"\r\n                    data-sortby=\"\"\r\n                    href=\"#\">\r\n                    \t<span class=\"btn-loader houzez-loader-js\"><\/span>                    \tCarregue mais\t\t\r\n                    <\/a>               \r\n\t\t\t\t<\/div><!-- load-more-wrap -->\r\n\t\t\t\t\t<\/div><!-- property-grid-module -->\r\n\r\n\t\t\t\t<\/div>\n\t\t\t\t<\/div>\n\t\t\t\t\t<\/div>\n\t\t\t\t<\/div>\n\t\t\t\t<\/div>\n\t\t","protected":false},"excerpt":{"rendered":"<p>Destaque Venda Novidade 360\u00b0 Tour Venda Novidade Sun and Sea House Viana do Castelo 340.000\u20ac Camas: 4 Banhos: 4 Garagens: 2 220,75 \u00c1rea \u00fatil Moradia melissabarbosa9 O email &times; melissabarbosa9 Ver listagens Ol\u00e1, estou interessado em [Sun and Sea House] Eu sou um compradorEu sou um inquilinoEu sou um agenteOutro Ao enviar este formul\u00e1rio eu [&hellip;]<\/p>\n","protected":false},"author":1,"featured_media":0,"parent":0,"menu_order":0,"comment_status":"closed","ping_status":"closed","template":"","meta":{"footnotes":""},"yoast_head":"<!-- This site is optimized with the Yoast SEO plugin v22.8 - https:\/\/yoast.com\/wordpress\/plugins\/seo\/ -->\n<title>Im\u00f3veis - abcimobiliario<\/title>\n<meta name=\"robots\" content=\"index, follow, max-snippet:-1, max-image-preview:large, max-video-preview:-1\" \/>\n<link rel=\"canonical\" href=\"https:\/\/abcimobiliario.pt\/index.php\/grid-full-width\/\" \/>\n<meta property=\"og:locale\" content=\"pt_PT\" \/>\n<meta property=\"og:type\" content=\"article\" \/>\n<meta property=\"og:title\" content=\"Im\u00f3veis - abcimobiliario\" \/>\n<meta property=\"og:description\" content=\"Destaque Venda Novidade 360\u00b0 Tour Venda Novidade Sun and Sea House Viana do Castelo 340.000\u20ac Camas: 4 Banhos: 4 Garagens: 2 220,75 \u00c1rea \u00fatil Moradia melissabarbosa9 O email &times; melissabarbosa9 Ver listagens Ol\u00e1, estou interessado em [Sun and Sea House] Eu sou um compradorEu sou um inquilinoEu sou um agenteOutro Ao enviar este formul\u00e1rio eu [&hellip;]\" \/>\n<meta property=\"og:url\" content=\"https:\/\/abcimobiliario.pt\/index.php\/grid-full-width\/\" \/>\n<meta property=\"og:site_name\" content=\"abcimobiliario\" \/>\n<meta property=\"article:modified_time\" content=\"2025-03-07T17:13:07+00:00\" \/>\n<meta property=\"og:image\" content=\"https:\/\/abcimobiliario.pt\/wp-content\/uploads\/2025\/03\/Casa-Areosa-19-592x444.jpg\" \/>\n<meta name=\"twitter:card\" content=\"summary_large_image\" \/>\n<meta name=\"twitter:label1\" content=\"Tempo estimado de leitura\" \/>\n\t<meta name=\"twitter:data1\" content=\"3 minutos\" \/>\n<script type=\"application\/ld+json\" class=\"yoast-schema-graph\">{\"@context\":\"https:\/\/schema.org\",\"@graph\":[{\"@type\":\"WebPage\",\"@id\":\"https:\/\/abcimobiliario.pt\/index.php\/grid-full-width\/\",\"url\":\"https:\/\/abcimobiliario.pt\/index.php\/grid-full-width\/\",\"name\":\"Im\u00f3veis - abcimobiliario\",\"isPartOf\":{\"@id\":\"https:\/\/abcimobiliario.pt\/#website\"},\"primaryImageOfPage\":{\"@id\":\"https:\/\/abcimobiliario.pt\/index.php\/grid-full-width\/#primaryimage\"},\"image\":{\"@id\":\"https:\/\/abcimobiliario.pt\/index.php\/grid-full-width\/#primaryimage\"},\"thumbnailUrl\":\"https:\/\/abcimobiliario.pt\/wp-content\/uploads\/2025\/03\/Casa-Areosa-19-592x444.jpg\",\"datePublished\":\"2020-02-18T11:48:34+00:00\",\"dateModified\":\"2025-03-07T17:13:07+00:00\",\"breadcrumb\":{\"@id\":\"https:\/\/abcimobiliario.pt\/index.php\/grid-full-width\/#breadcrumb\"},\"inLanguage\":\"pt-PT\",\"potentialAction\":[{\"@type\":\"ReadAction\",\"target\":[\"https:\/\/abcimobiliario.pt\/index.php\/grid-full-width\/\"]}]},{\"@type\":\"ImageObject\",\"inLanguage\":\"pt-PT\",\"@id\":\"https:\/\/abcimobiliario.pt\/index.php\/grid-full-width\/#primaryimage\",\"url\":\"https:\/\/abcimobiliario.pt\/wp-content\/uploads\/2025\/03\/Casa-Areosa-19-scaled.jpg\",\"contentUrl\":\"https:\/\/abcimobiliario.pt\/wp-content\/uploads\/2025\/03\/Casa-Areosa-19-scaled.jpg\",\"width\":2560,\"height\":1707},{\"@type\":\"BreadcrumbList\",\"@id\":\"https:\/\/abcimobiliario.pt\/index.php\/grid-full-width\/#breadcrumb\",\"itemListElement\":[{\"@type\":\"ListItem\",\"position\":1,\"name\":\"In\u00edcio\",\"item\":\"https:\/\/abcimobiliario.pt\/\"},{\"@type\":\"ListItem\",\"position\":2,\"name\":\"Im\u00f3veis\"}]},{\"@type\":\"WebSite\",\"@id\":\"https:\/\/abcimobiliario.pt\/#website\",\"url\":\"https:\/\/abcimobiliario.pt\/\",\"name\":\"abcimobiliario\",\"description\":\"\",\"potentialAction\":[{\"@type\":\"SearchAction\",\"target\":{\"@type\":\"EntryPoint\",\"urlTemplate\":\"https:\/\/abcimobiliario.pt\/?s={search_term_string}\"},\"query-input\":\"required name=search_term_string\"}],\"inLanguage\":\"pt-PT\"}]}<\/script>\n<!-- \/ Yoast SEO plugin. -->","yoast_head_json":{"title":"Im\u00f3veis - abcimobiliario","robots":{"index":"index","follow":"follow","max-snippet":"max-snippet:-1","max-image-preview":"max-image-preview:large","max-video-preview":"max-video-preview:-1"},"canonical":"https:\/\/abcimobiliario.pt\/index.php\/grid-full-width\/","og_locale":"pt_PT","og_type":"article","og_title":"Im\u00f3veis - abcimobiliario","og_description":"Destaque Venda Novidade 360\u00b0 Tour Venda Novidade Sun and Sea House Viana do Castelo 340.000\u20ac Camas: 4 Banhos: 4 Garagens: 2 220,75 \u00c1rea \u00fatil Moradia melissabarbosa9 O email &times; melissabarbosa9 Ver listagens Ol\u00e1, estou interessado em [Sun and Sea House] Eu sou um compradorEu sou um inquilinoEu sou um agenteOutro Ao enviar este formul\u00e1rio eu [&hellip;]","og_url":"https:\/\/abcimobiliario.pt\/index.php\/grid-full-width\/","og_site_name":"abcimobiliario","article_modified_time":"2025-03-07T17:13:07+00:00","og_image":[{"url":"https:\/\/abcimobiliario.pt\/wp-content\/uploads\/2025\/03\/Casa-Areosa-19-592x444.jpg"}],"twitter_card":"summary_large_image","twitter_misc":{"Tempo estimado de leitura":"3 minutos"},"schema":{"@context":"https:\/\/schema.org","@graph":[{"@type":"WebPage","@id":"https:\/\/abcimobiliario.pt\/index.php\/grid-full-width\/","url":"https:\/\/abcimobiliario.pt\/index.php\/grid-full-width\/","name":"Im\u00f3veis - abcimobiliario","isPartOf":{"@id":"https:\/\/abcimobiliario.pt\/#website"},"primaryImageOfPage":{"@id":"https:\/\/abcimobiliario.pt\/index.php\/grid-full-width\/#primaryimage"},"image":{"@id":"https:\/\/abcimobiliario.pt\/index.php\/grid-full-width\/#primaryimage"},"thumbnailUrl":"https:\/\/abcimobiliario.pt\/wp-content\/uploads\/2025\/03\/Casa-Areosa-19-592x444.jpg","datePublished":"2020-02-18T11:48:34+00:00","dateModified":"2025-03-07T17:13:07+00:00","breadcrumb":{"@id":"https:\/\/abcimobiliario.pt\/index.php\/grid-full-width\/#breadcrumb"},"inLanguage":"pt-PT","potentialAction":[{"@type":"ReadAction","target":["https:\/\/abcimobiliario.pt\/index.php\/grid-full-width\/"]}]},{"@type":"ImageObject","inLanguage":"pt-PT","@id":"https:\/\/abcimobiliario.pt\/index.php\/grid-full-width\/#primaryimage","url":"https:\/\/abcimobiliario.pt\/wp-content\/uploads\/2025\/03\/Casa-Areosa-19-scaled.jpg","contentUrl":"https:\/\/abcimobiliario.pt\/wp-content\/uploads\/2025\/03\/Casa-Areosa-19-scaled.jpg","width":2560,"height":1707},{"@type":"BreadcrumbList","@id":"https:\/\/abcimobiliario.pt\/index.php\/grid-full-width\/#breadcrumb","itemListElement":[{"@type":"ListItem","position":1,"name":"In\u00edcio","item":"https:\/\/abcimobiliario.pt\/"},{"@type":"ListItem","position":2,"name":"Im\u00f3veis"}]},{"@type":"WebSite","@id":"https:\/\/abcimobiliario.pt\/#website","url":"https:\/\/abcimobiliario.pt\/","name":"abcimobiliario","description":"","potentialAction":[{"@type":"SearchAction","target":{"@type":"EntryPoint","urlTemplate":"https:\/\/abcimobiliario.pt\/?s={search_term_string}"},"query-input":"required name=search_term_string"}],"inLanguage":"pt-PT"}]}},"_links":{"self":[{"href":"https:\/\/abcimobiliario.pt\/index.php\/wp-json\/wp\/v2\/pages\/31"}],"collection":[{"href":"https:\/\/abcimobiliario.pt\/index.php\/wp-json\/wp\/v2\/pages"}],"about":[{"href":"https:\/\/abcimobiliario.pt\/index.php\/wp-json\/wp\/v2\/types\/page"}],"author":[{"embeddable":true,"href":"https:\/\/abcimobiliario.pt\/index.php\/wp-json\/wp\/v2\/users\/1"}],"replies":[{"embeddable":true,"href":"https:\/\/abcimobiliario.pt\/index.php\/wp-json\/wp\/v2\/comments?post=31"}],"version-history":[{"count":7,"href":"https:\/\/abcimobiliario.pt\/index.php\/wp-json\/wp\/v2\/pages\/31\/revisions"}],"predecessor-version":[{"id":18412,"href":"https:\/\/abcimobiliario.pt\/index.php\/wp-json\/wp\/v2\/pages\/31\/revisions\/18412"}],"wp:attachment":[{"href":"https:\/\/abcimobiliario.pt\/index.php\/wp-json\/wp\/v2\/media?parent=31"}],"curies":[{"name":"wp","href":"https:\/\/api.w.org\/{rel}","templated":true}]}}