{"id":16650,"date":"2020-02-24T22:15:15","date_gmt":"2020-02-24T22:15:15","guid":{"rendered":"https:\/\/demo01.houzez.co\/?page_id=16650"},"modified":"2024-03-14T19:30:43","modified_gmt":"2024-03-14T19:30:43","slug":"about","status":"publish","type":"page","link":"https:\/\/abcimobiliario.pt\/index.php\/about\/","title":{"rendered":"Sobre n\u00f3s"},"content":{"rendered":"\t\t<div data-elementor-type=\"wp-page\" data-elementor-id=\"16650\" class=\"elementor elementor-16650\" data-elementor-post-type=\"page\">\n\t\t\t\t\t\t<section class=\"elementor-section elementor-top-section elementor-element elementor-element-5b81e21 elementor-section-height-min-height animated-slow elementor-section-boxed elementor-section-height-default elementor-section-items-middle elementor-invisible\" data-id=\"5b81e21\" data-element_type=\"section\" data-settings=\"{&quot;background_background&quot;:&quot;classic&quot;,&quot;animation&quot;:&quot;fadeIn&quot;}\">\n\t\t\t\t\t\t\t<div class=\"elementor-background-overlay\"><\/div>\n\t\t\t\t\t\t\t<div class=\"elementor-container elementor-column-gap-default\">\n\t\t\t\t\t<div class=\"elementor-column elementor-col-100 elementor-top-column elementor-element elementor-element-9bd7441\" data-id=\"9bd7441\" data-element_type=\"column\">\n\t\t\t<div class=\"elementor-widget-wrap\">\n\t\t\t\t\t\t\t<\/div>\n\t\t<\/div>\n\t\t\t\t\t<\/div>\n\t\t<\/section>\n\t\t<div class=\"elementor-element elementor-element-87f2c04 e-flex e-con-boxed e-con e-parent\" data-id=\"87f2c04\" data-element_type=\"container\">\n\t\t\t\t\t<div class=\"e-con-inner\">\n\t\t<div class=\"elementor-element elementor-element-f7e5650 e-con-full e-flex e-con e-child\" data-id=\"f7e5650\" data-element_type=\"container\">\n\t\t\t\t<div class=\"elementor-element elementor-element-453d457 elementor-widget elementor-widget-image\" data-id=\"453d457\" data-element_type=\"widget\" data-widget_type=\"image.default\">\n\t\t\t\t<div class=\"elementor-widget-container\">\n\t\t\t<style>\/*! elementor - v3.21.0 - 26-05-2024 *\/\n.elementor-widget-image{text-align:center}.elementor-widget-image a{display:inline-block}.elementor-widget-image a img[src$=\".svg\"]{width:48px}.elementor-widget-image img{vertical-align:middle;display:inline-block}<\/style>\t\t\t\t\t\t\t\t\t\t<img fetchpriority=\"high\" decoding=\"async\" width=\"768\" height=\"1919\" src=\"https:\/\/abcimobiliario.pt\/wp-content\/uploads\/2024\/03\/A1_9508-768x1919.png\" class=\"attachment-medium_large size-medium_large wp-image-18190\" alt=\"\" srcset=\"https:\/\/abcimobiliario.pt\/wp-content\/uploads\/2024\/03\/A1_9508-768x1919.png 768w, https:\/\/abcimobiliario.pt\/wp-content\/uploads\/2024\/03\/A1_9508-120x300.png 120w, https:\/\/abcimobiliario.pt\/wp-content\/uploads\/2024\/03\/A1_9508-410x1024.png 410w, https:\/\/abcimobiliario.pt\/wp-content\/uploads\/2024\/03\/A1_9508-615x1536.png 615w, https:\/\/abcimobiliario.pt\/wp-content\/uploads\/2024\/03\/A1_9508-820x2048.png 820w, https:\/\/abcimobiliario.pt\/wp-content\/uploads\/2024\/03\/A1_9508-240x600.png 240w, https:\/\/abcimobiliario.pt\/wp-content\/uploads\/2024\/03\/A1_9508-496x1239.png 496w\" sizes=\"(max-width: 768px) 100vw, 768px\" \/>\t\t\t\t\t\t\t\t\t\t\t\t\t<\/div>\n\t\t\t\t<\/div>\n\t\t\t\t<\/div>\n\t\t<div class=\"elementor-element elementor-element-7a41d21 e-con-full e-flex e-con e-child\" data-id=\"7a41d21\" data-element_type=\"container\">\n\t\t\t\t<div class=\"elementor-element elementor-element-5fb1674 elementor-widget elementor-widget-heading\" data-id=\"5fb1674\" data-element_type=\"widget\" data-widget_type=\"heading.default\">\n\t\t\t\t<div class=\"elementor-widget-container\">\n\t\t\t<style>\/*! elementor - v3.21.0 - 26-05-2024 *\/\n.elementor-heading-title{padding:0;margin:0;line-height:1}.elementor-widget-heading .elementor-heading-title[class*=elementor-size-]>a{color:inherit;font-size:inherit;line-height:inherit}.elementor-widget-heading .elementor-heading-title.elementor-size-small{font-size:15px}.elementor-widget-heading .elementor-heading-title.elementor-size-medium{font-size:19px}.elementor-widget-heading .elementor-heading-title.elementor-size-large{font-size:29px}.elementor-widget-heading .elementor-heading-title.elementor-size-xl{font-size:39px}.elementor-widget-heading .elementor-heading-title.elementor-size-xxl{font-size:59px}<\/style><h2 class=\"elementor-heading-title elementor-size-default\">Sobre n\u00f3s<\/h2>\t\t<\/div>\n\t\t\t\t<\/div>\n\t\t\t\t<div class=\"elementor-element elementor-element-64a76a8 elementor-absolute elementor-widget elementor-widget-text-editor\" data-id=\"64a76a8\" data-element_type=\"widget\" data-settings=\"{&quot;_position&quot;:&quot;absolute&quot;}\" data-widget_type=\"text-editor.default\">\n\t\t\t\t<div class=\"elementor-widget-container\">\n\t\t\t<style>\/*! elementor - v3.21.0 - 26-05-2024 *\/\n.elementor-widget-text-editor.elementor-drop-cap-view-stacked .elementor-drop-cap{background-color:#69727d;color:#fff}.elementor-widget-text-editor.elementor-drop-cap-view-framed .elementor-drop-cap{color:#69727d;border:3px solid;background-color:transparent}.elementor-widget-text-editor:not(.elementor-drop-cap-view-default) .elementor-drop-cap{margin-top:8px}.elementor-widget-text-editor:not(.elementor-drop-cap-view-default) .elementor-drop-cap-letter{width:1em;height:1em}.elementor-widget-text-editor .elementor-drop-cap{float:left;text-align:center;line-height:1;font-size:50px}.elementor-widget-text-editor .elementor-drop-cap-letter{display:inline-block}<\/style>\t\t\t\t<p>A Melissa Barbosa- Propriedades foi criada pela Melissa, uma profissional multifacetada, com uma ampla gama de habilidades e experi\u00eancias que contribuem para o seu sucesso na \u00e1rea. Licenciada em Direito, traz consigo um profundo entendimento legal que se traduz numa vantagem significativa no setor imobili\u00e1rio. A sua forma\u00e7\u00e3o jur\u00eddica permite que navegue com mais confian\u00e7a e habilidade atrav\u00e9s de contratos, regulamentos e quest\u00f5es legais que surgem durante as transa\u00e7\u00f5es imobili\u00e1rias. Al\u00e9m disso, essa base jur\u00eddica fortalece a sua capacidade de aconselhar e proteger os interesses dos seus clientes, garantindo que cada transa\u00e7\u00e3o seja conduzida de forma \u00e9tica e legalmente s\u00f3lida.<\/p><p>A sua carreira anterior, exerc\u00edcio de advocacia, proporcionou-lhe habilidades valiosas de comunica\u00e7\u00e3o, negocia\u00e7\u00e3o e resolu\u00e7\u00e3o de problemas. Habilidades essenciais no mundo imobili\u00e1rio, onde a capacidade de entender as necessidades e preocupa\u00e7\u00f5es das partes envolvidas e chegar a solu\u00e7\u00f5es mutuamente ben\u00e9ficas \u00e9 fundamental para o sucesso.<\/p><p>Al\u00e9m das val\u00eancias profissionais, \u00e9 uma m\u00e3e dedicada. A sua experi\u00eancia como m\u00e3e proporcionou-lhe uma compreens\u00e3o \u00fanica das necessidades e prioridades das fam\u00edlias que procuram comprar ou vender im\u00f3veis. Sabe como equilibrar as demandas profissionais e pessoais, garantindo que os seus clientes recebam o mais alto n\u00edvel de aten\u00e7\u00e3o e servi\u00e7o.<\/p><p>Reconhecendo a import\u00e2ncia do marketing digital no setor imobili\u00e1rio moderno, criou ainda um blog onde partilha o seu conhecimento, insights e dicas \u00fateis relacionadas com o mercado imobili\u00e1rio.<\/p><p>A sua abordagem hol\u00edstica e orientada para o cliente, combinada com a sua paix\u00e3o pelo setor imobili\u00e1rio e o seu compromisso com o servi\u00e7o excecional, garantem que os seus clientes recebam o melhor atendimento poss\u00edvel em todas as etapas do processo de compra ou venda de im\u00f3veis.<\/p>\t\t\t\t\t\t<\/div>\n\t\t\t\t<\/div>\n\t\t\t\t<\/div>\n\t\t\t\t\t<\/div>\n\t\t\t\t<\/div>\n\t\t\t\t<\/div>\n\t\t","protected":false},"excerpt":{"rendered":"<p>Sobre n\u00f3s A Melissa Barbosa- Propriedades foi criada pela Melissa, uma profissional multifacetada, com uma ampla gama de habilidades e experi\u00eancias que contribuem para o seu sucesso na \u00e1rea. Licenciada em Direito, traz consigo um profundo entendimento legal que se traduz numa vantagem significativa no setor imobili\u00e1rio. A sua forma\u00e7\u00e3o jur\u00eddica permite que navegue com [&hellip;]<\/p>\n","protected":false},"author":1,"featured_media":0,"parent":0,"menu_order":0,"comment_status":"closed","ping_status":"closed","template":"template\/template-homepage.php","meta":{"footnotes":""},"yoast_head":"<!-- This site is optimized with the Yoast SEO plugin v22.8 - https:\/\/yoast.com\/wordpress\/plugins\/seo\/ -->\n<title>Sobre n\u00f3s - abcimobiliario<\/title>\n<meta name=\"robots\" content=\"index, follow, max-snippet:-1, max-image-preview:large, max-video-preview:-1\" \/>\n<link rel=\"canonical\" href=\"https:\/\/abcimobiliario.pt\/index.php\/about\/\" \/>\n<meta property=\"og:locale\" content=\"pt_PT\" \/>\n<meta property=\"og:type\" content=\"article\" \/>\n<meta property=\"og:title\" content=\"Sobre n\u00f3s - abcimobiliario\" \/>\n<meta property=\"og:description\" content=\"Sobre n\u00f3s A Melissa Barbosa- Propriedades foi criada pela Melissa, uma profissional multifacetada, com uma ampla gama de habilidades e experi\u00eancias que contribuem para o seu sucesso na \u00e1rea. Licenciada em Direito, traz consigo um profundo entendimento legal que se traduz numa vantagem significativa no setor imobili\u00e1rio. A sua forma\u00e7\u00e3o jur\u00eddica permite que navegue com [&hellip;]\" \/>\n<meta property=\"og:url\" content=\"https:\/\/abcimobiliario.pt\/index.php\/about\/\" \/>\n<meta property=\"og:site_name\" content=\"abcimobiliario\" \/>\n<meta property=\"article:modified_time\" content=\"2024-03-14T19:30:43+00:00\" \/>\n<meta property=\"og:image\" content=\"https:\/\/abcimobiliario.pt\/wp-content\/uploads\/2024\/03\/A1_9508-768x1919.png\" \/>\n<meta name=\"twitter:card\" content=\"summary_large_image\" \/>\n<meta name=\"twitter:label1\" content=\"Tempo estimado de leitura\" \/>\n\t<meta name=\"twitter:data1\" content=\"2 minutos\" \/>\n<script type=\"application\/ld+json\" class=\"yoast-schema-graph\">{\"@context\":\"https:\/\/schema.org\",\"@graph\":[{\"@type\":\"WebPage\",\"@id\":\"https:\/\/abcimobiliario.pt\/index.php\/about\/\",\"url\":\"https:\/\/abcimobiliario.pt\/index.php\/about\/\",\"name\":\"Sobre n\u00f3s - abcimobiliario\",\"isPartOf\":{\"@id\":\"https:\/\/abcimobiliario.pt\/#website\"},\"primaryImageOfPage\":{\"@id\":\"https:\/\/abcimobiliario.pt\/index.php\/about\/#primaryimage\"},\"image\":{\"@id\":\"https:\/\/abcimobiliario.pt\/index.php\/about\/#primaryimage\"},\"thumbnailUrl\":\"https:\/\/abcimobiliario.pt\/wp-content\/uploads\/2024\/03\/A1_9508-768x1919.png\",\"datePublished\":\"2020-02-24T22:15:15+00:00\",\"dateModified\":\"2024-03-14T19:30:43+00:00\",\"breadcrumb\":{\"@id\":\"https:\/\/abcimobiliario.pt\/index.php\/about\/#breadcrumb\"},\"inLanguage\":\"pt-PT\",\"potentialAction\":[{\"@type\":\"ReadAction\",\"target\":[\"https:\/\/abcimobiliario.pt\/index.php\/about\/\"]}]},{\"@type\":\"ImageObject\",\"inLanguage\":\"pt-PT\",\"@id\":\"https:\/\/abcimobiliario.pt\/index.php\/about\/#primaryimage\",\"url\":\"https:\/\/abcimobiliario.pt\/wp-content\/uploads\/2024\/03\/A1_9508.png\",\"contentUrl\":\"https:\/\/abcimobiliario.pt\/wp-content\/uploads\/2024\/03\/A1_9508.png\",\"width\":2191,\"height\":5475},{\"@type\":\"BreadcrumbList\",\"@id\":\"https:\/\/abcimobiliario.pt\/index.php\/about\/#breadcrumb\",\"itemListElement\":[{\"@type\":\"ListItem\",\"position\":1,\"name\":\"In\u00edcio\",\"item\":\"https:\/\/abcimobiliario.pt\/\"},{\"@type\":\"ListItem\",\"position\":2,\"name\":\"Sobre n\u00f3s\"}]},{\"@type\":\"WebSite\",\"@id\":\"https:\/\/abcimobiliario.pt\/#website\",\"url\":\"https:\/\/abcimobiliario.pt\/\",\"name\":\"abcimobiliario\",\"description\":\"\",\"potentialAction\":[{\"@type\":\"SearchAction\",\"target\":{\"@type\":\"EntryPoint\",\"urlTemplate\":\"https:\/\/abcimobiliario.pt\/?s={search_term_string}\"},\"query-input\":\"required name=search_term_string\"}],\"inLanguage\":\"pt-PT\"}]}<\/script>\n<!-- \/ Yoast SEO plugin. -->","yoast_head_json":{"title":"Sobre n\u00f3s - abcimobiliario","robots":{"index":"index","follow":"follow","max-snippet":"max-snippet:-1","max-image-preview":"max-image-preview:large","max-video-preview":"max-video-preview:-1"},"canonical":"https:\/\/abcimobiliario.pt\/index.php\/about\/","og_locale":"pt_PT","og_type":"article","og_title":"Sobre n\u00f3s - abcimobiliario","og_description":"Sobre n\u00f3s A Melissa Barbosa- Propriedades foi criada pela Melissa, uma profissional multifacetada, com uma ampla gama de habilidades e experi\u00eancias que contribuem para o seu sucesso na \u00e1rea. Licenciada em Direito, traz consigo um profundo entendimento legal que se traduz numa vantagem significativa no setor imobili\u00e1rio. A sua forma\u00e7\u00e3o jur\u00eddica permite que navegue com [&hellip;]","og_url":"https:\/\/abcimobiliario.pt\/index.php\/about\/","og_site_name":"abcimobiliario","article_modified_time":"2024-03-14T19:30:43+00:00","og_image":[{"url":"https:\/\/abcimobiliario.pt\/wp-content\/uploads\/2024\/03\/A1_9508-768x1919.png"}],"twitter_card":"summary_large_image","twitter_misc":{"Tempo estimado de leitura":"2 minutos"},"schema":{"@context":"https:\/\/schema.org","@graph":[{"@type":"WebPage","@id":"https:\/\/abcimobiliario.pt\/index.php\/about\/","url":"https:\/\/abcimobiliario.pt\/index.php\/about\/","name":"Sobre n\u00f3s - abcimobiliario","isPartOf":{"@id":"https:\/\/abcimobiliario.pt\/#website"},"primaryImageOfPage":{"@id":"https:\/\/abcimobiliario.pt\/index.php\/about\/#primaryimage"},"image":{"@id":"https:\/\/abcimobiliario.pt\/index.php\/about\/#primaryimage"},"thumbnailUrl":"https:\/\/abcimobiliario.pt\/wp-content\/uploads\/2024\/03\/A1_9508-768x1919.png","datePublished":"2020-02-24T22:15:15+00:00","dateModified":"2024-03-14T19:30:43+00:00","breadcrumb":{"@id":"https:\/\/abcimobiliario.pt\/index.php\/about\/#breadcrumb"},"inLanguage":"pt-PT","potentialAction":[{"@type":"ReadAction","target":["https:\/\/abcimobiliario.pt\/index.php\/about\/"]}]},{"@type":"ImageObject","inLanguage":"pt-PT","@id":"https:\/\/abcimobiliario.pt\/index.php\/about\/#primaryimage","url":"https:\/\/abcimobiliario.pt\/wp-content\/uploads\/2024\/03\/A1_9508.png","contentUrl":"https:\/\/abcimobiliario.pt\/wp-content\/uploads\/2024\/03\/A1_9508.png","width":2191,"height":5475},{"@type":"BreadcrumbList","@id":"https:\/\/abcimobiliario.pt\/index.php\/about\/#breadcrumb","itemListElement":[{"@type":"ListItem","position":1,"name":"In\u00edcio","item":"https:\/\/abcimobiliario.pt\/"},{"@type":"ListItem","position":2,"name":"Sobre n\u00f3s"}]},{"@type":"WebSite","@id":"https:\/\/abcimobiliario.pt\/#website","url":"https:\/\/abcimobiliario.pt\/","name":"abcimobiliario","description":"","potentialAction":[{"@type":"SearchAction","target":{"@type":"EntryPoint","urlTemplate":"https:\/\/abcimobiliario.pt\/?s={search_term_string}"},"query-input":"required name=search_term_string"}],"inLanguage":"pt-PT"}]}},"_links":{"self":[{"href":"https:\/\/abcimobiliario.pt\/index.php\/wp-json\/wp\/v2\/pages\/16650"}],"collection":[{"href":"https:\/\/abcimobiliario.pt\/index.php\/wp-json\/wp\/v2\/pages"}],"about":[{"href":"https:\/\/abcimobiliario.pt\/index.php\/wp-json\/wp\/v2\/types\/page"}],"author":[{"embeddable":true,"href":"https:\/\/abcimobiliario.pt\/index.php\/wp-json\/wp\/v2\/users\/1"}],"replies":[{"embeddable":true,"href":"https:\/\/abcimobiliario.pt\/index.php\/wp-json\/wp\/v2\/comments?post=16650"}],"version-history":[{"count":23,"href":"https:\/\/abcimobiliario.pt\/index.php\/wp-json\/wp\/v2\/pages\/16650\/revisions"}],"predecessor-version":[{"id":18209,"href":"https:\/\/abcimobiliario.pt\/index.php\/wp-json\/wp\/v2\/pages\/16650\/revisions\/18209"}],"wp:attachment":[{"href":"https:\/\/abcimobiliario.pt\/index.php\/wp-json\/wp\/v2\/media?parent=16650"}],"curies":[{"name":"wp","href":"https:\/\/api.w.org\/{rel}","templated":true}]}}